{"id":90,"date":"2022-05-24T06:21:52","date_gmt":"2022-05-24T06:21:52","guid":{"rendered":"https:\/\/webmaraton.hu\/?page_id=90"},"modified":"2022-05-27T06:24:34","modified_gmt":"2022-05-27T06:24:34","slug":"maraton","status":"publish","type":"page","link":"https:\/\/webmaraton.hu\/?page_id=90","title":{"rendered":"Maraton"},"content":{"rendered":"\n<div class=\"wp-container-1 wp-block-group\">\n<figure class=\"wp-block-table is-style-regular\"><table class=\"has-background\" style=\"background:linear-gradient(0deg,rgb(0,0,0) 0%,rgb(255,226,120) 100%);border-style:none;border-width:0px\"><tbody><tr><td class=\"has-text-align-center\" data-align=\"center\"><a href=\"http:\/\/www.edelenyifutok.hu\/\" target=\"_blank\" rel=\"noreferrer noopener\">Edel\u00e9nyi Fut\u00f3k<\/a><\/td><\/tr><\/tbody><\/table><\/figure>\n\n\n\n<figure class=\"wp-block-table is-style-regular\"><table class=\"has-background\" style=\"background:linear-gradient(0deg,rgb(0,0,0) 0%,rgb(189,255,124) 100%);border-style:none;border-width:0px\"><tbody><tr><td class=\"has-text-align-center\" data-align=\"center\"><a href=\"https:\/\/futanet.hu\/\" target=\"_blank\" rel=\"noreferrer noopener\">FUTANET.hu<\/a><\/td><\/tr><\/tbody><\/table><\/figure>\n\n\n\n<figure class=\"wp-block-table is-style-regular\"><table class=\"has-background\" style=\"background:linear-gradient(0deg,rgb(0,0,0) 0%,rgb(120,223,255) 100%);border-style:none;border-width:0px\"><tbody><tr><td class=\"has-text-align-center\" data-align=\"center\"><a href=\"https:\/\/futas.net\/\" target=\"_blank\" rel=\"noreferrer noopener\">FUTAS.net<\/a><a href=\"https:\/\/www.futanet.hu\/\"><\/a><\/td><\/tr><\/tbody><\/table><\/figure>\n\n\n\n<figure class=\"wp-block-table is-style-regular\"><table class=\"has-background\" style=\"background:linear-gradient(0deg,rgb(0,0,0) 0%,rgb(233,120,255) 100%);border-style:none;border-width:0px\"><tbody><tr><td class=\"has-text-align-center\" data-align=\"center\"><a href=\"https:\/\/futasrolnoknek.hu\/\" target=\"_blank\" rel=\"noreferrer noopener\">Fut\u00e1sr\u00f3l n\u0151knek<\/a><a href=\"https:\/\/www.futanet.hu\/\"><\/a><\/td><\/tr><\/tbody><\/table><\/figure>\n\n\n\n<figure class=\"wp-block-table is-style-regular\"><table class=\"has-background\" style=\"background:linear-gradient(0deg,rgb(0,0,0) 0%,rgb(255,161,120) 100%);border-style:none;border-width:0px\"><tbody><tr><td><a href=\"https:\/\/futniszep.hu\/\" target=\"_blank\" rel=\"noreferrer noopener\">Futni sz\u00e9p<\/a><\/td><\/tr><\/tbody><\/table><\/figure>\n\n\n\n<figure class=\"wp-block-table is-style-regular\"><table class=\"has-background\" style=\"background:linear-gradient(0deg,rgb(0,0,0) 0%,rgb(255,125,178) 95%);border-style:none;border-width:0px\"><tbody><tr><td><a href=\"https:\/\/www.futonaptar.info\" target=\"_blank\" rel=\"noreferrer noopener\">Fut\u00f3napt\u00e1r<\/a><\/td><\/tr><\/tbody><\/table><\/figure>\n\n\n\n<figure class=\"wp-block-table is-style-regular\"><table class=\"has-background\" style=\"background:linear-gradient(0deg,rgb(0,0,0) 0%,rgb(125,188,255) 95%);border-style:none;border-width:0px\"><tbody><tr><td><a href=\"https:\/\/kisdunamaraton.hu\/\" target=\"_blank\" rel=\"noreferrer noopener\">Kis-Duna Maraton<\/a><\/td><\/tr><\/tbody><\/table><\/figure>\n\n\n\n<figure class=\"wp-block-table is-style-regular\"><table class=\"has-background\" style=\"background:linear-gradient(0deg,rgb(0,0,0) 0%,rgb(120,255,204) 100%);border-style:none;border-width:0px\"><tbody><tr><td><a href=\"https:\/\/www.maratonclubmiskolc.hu\/\" target=\"_blank\" rel=\"noreferrer noopener\">Marathon Club &#8211; Miskolc<\/a><\/td><\/tr><\/tbody><\/table><\/figure>\n\n\n\n<figure class=\"wp-block-table is-style-regular\"><table class=\"has-background\" style=\"background:linear-gradient(0deg,rgb(0,0,0) 0%,rgb(252,255,120) 100%);border-style:none;border-width:0px\"><tbody><tr><td><a href=\"https:\/\/maratonfutas.hu\/\" target=\"_blank\" rel=\"noreferrer noopener\">MARATONFUTAS.hu &#8211; magazin<\/a><\/td><\/tr><\/tbody><\/table><\/figure>\n\n\n\n<figure class=\"wp-block-table is-style-regular\"><table class=\"has-background\" style=\"background:linear-gradient(0deg,rgb(0,0,0) 0%,rgb(193,130,255) 100%);border-style:none;border-width:0px\"><tbody><tr><td><a href=\"https:\/\/www.mozgasvilag.hu\/futas\/maraton\" target=\"_blank\" rel=\"noreferrer noopener\">Mozg\u00e1svil\u00e1g &#8211;  magazin<\/a><\/td><\/tr><\/tbody><\/table><\/figure>\n\n\n\n<figure class=\"wp-block-table is-style-regular\"><table class=\"has-background\" style=\"background:linear-gradient(0deg,rgb(0,0,0) 0%,rgb(255,211,130) 100%);border-style:none;border-width:0px\"><tbody><tr><td><a href=\"https:\/\/www.rayzahab.com\/\" target=\"_blank\" rel=\"noreferrer noopener\">Ray Zahab<\/a><\/td><\/tr><\/tbody><\/table><\/figure>\n\n\n\n<figure class=\"wp-block-table is-style-regular\"><table class=\"has-background\" style=\"background:linear-gradient(0deg,rgb(0,0,0) 0%,rgb(255,129,129) 100%);border-style:none;border-width:0px\"><tbody><tr><td><a href=\"https:\/\/www.sparbudapestmaraton.hu\/\" target=\"_blank\" rel=\"noreferrer noopener\">SPAR Budapest Maraton<\/a><a href=\"https:\/\/maratonfutas.hu\/\"><\/a><a href=\"https:\/\/www.futanet.hu\/\"><\/a><\/td><\/tr><\/tbody><\/table><\/figure>\n\n\n\n<figure class=\"wp-block-table is-style-regular\"><table class=\"has-background\" style=\"background:linear-gradient(0deg,rgb(0,0,0) 0%,rgb(141,255,130) 100%);border-style:none;border-width:0px\"><tbody><tr><td><a href=\"https:\/\/sportnaptar.hu\/futas\" target=\"_blank\" rel=\"noreferrer noopener\">Sportnapt\u00e1r<\/a><a href=\"https:\/\/maratonfutas.hu\/\"><\/a><a href=\"https:\/\/www.futanet.hu\/\"><\/a><\/td><\/tr><\/tbody><\/table><\/figure>\n\n\n\n<figure class=\"wp-block-table is-style-regular\"><table class=\"has-background\" style=\"background:linear-gradient(0deg,rgb(0,0,0) 0%,rgb(130,157,255) 100%);border-style:none;border-width:0px\"><tbody><tr><td><a href=\"https:\/\/www.truemessages.org\/\" target=\"_blank\" rel=\"noreferrer noopener\">True Messages<\/a><a href=\"https:\/\/maratonfutas.hu\/\"><\/a><a href=\"https:\/\/www.futanet.hu\/\"><\/a><\/td><\/tr><\/tbody><\/table><\/figure>\n<\/div>\n\n\n\n<div class=\"wp-container-2 wp-block-group has-background-color has-foreground-background-color has-text-color has-background\" style=\"padding-top:20px;padding-right:0px;padding-bottom:20px;padding-left:0px\">\n<hr class=\"wp-block-separator is-style-wide\"\/>\n\n\n\n<p>webMaraton friss\u00edt\u0151pont<\/p>\n<\/div>\n","protected":false},"excerpt":{"rendered":"<p>Edel\u00e9nyi Fut\u00f3k FUTANET.hu FUTAS.net Fut\u00e1sr\u00f3l n\u0151knek Futni sz\u00e9p Fut\u00f3napt\u00e1r Kis-Duna Maraton Marathon Club &#8211; Miskolc MARATONFUTAS.hu &#8211; magazin Mozg\u00e1svil\u00e1g &#8211; magazin Ray Zahab SPAR Budapest Maraton Sportnapt\u00e1r True Messages<\/p>\n","protected":false},"author":1,"featured_media":0,"parent":0,"menu_order":0,"comment_status":"closed","ping_status":"closed","template":"wp-custom-template-web-maraton-oldal","meta":[],"yoast_head":"<!-- This site is optimized with the Yoast SEO plugin v20.6 - https:\/\/yoast.com\/wordpress\/plugins\/seo\/ -->\n<title>Maraton - webMaraton<\/title>\n<meta name=\"robots\" content=\"index, follow, max-snippet:-1, max-image-preview:large, max-video-preview:-1\" \/>\n<link rel=\"canonical\" href=\"https:\/\/webmaraton.hu\/?page_id=90\" \/>\n<meta property=\"og:locale\" content=\"hu_HU\" \/>\n<meta property=\"og:type\" content=\"article\" \/>\n<meta property=\"og:title\" content=\"Maraton - webMaraton\" \/>\n<meta property=\"og:description\" content=\"Edel\u00e9nyi Fut\u00f3k FUTANET.hu FUTAS.net Fut\u00e1sr\u00f3l n\u0151knek Futni sz\u00e9p Fut\u00f3napt\u00e1r Kis-Duna Maraton Marathon Club &#8211; Miskolc MARATONFUTAS.hu &#8211; magazin Mozg\u00e1svil\u00e1g &#8211; magazin Ray Zahab SPAR Budapest Maraton Sportnapt\u00e1r True Messages\" \/>\n<meta property=\"og:url\" content=\"https:\/\/webmaraton.hu\/?page_id=90\" \/>\n<meta property=\"og:site_name\" content=\"webMaraton\" \/>\n<meta property=\"article:modified_time\" content=\"2022-05-27T06:24:34+00:00\" \/>\n<meta name=\"twitter:card\" content=\"summary_large_image\" \/>\n<meta name=\"twitter:label1\" content=\"Becs\u00fclt olvas\u00e1si id\u0151\" \/>\n\t<meta name=\"twitter:data1\" content=\"1 perc\" \/>\n<script type=\"application\/ld+json\" class=\"yoast-schema-graph\">{\"@context\":\"https:\/\/schema.org\",\"@graph\":[{\"@type\":\"WebPage\",\"@id\":\"https:\/\/webmaraton.hu\/?page_id=90\",\"url\":\"https:\/\/webmaraton.hu\/?page_id=90\",\"name\":\"Maraton - webMaraton\",\"isPartOf\":{\"@id\":\"https:\/\/webmaraton.hu\/#website\"},\"datePublished\":\"2022-05-24T06:21:52+00:00\",\"dateModified\":\"2022-05-27T06:24:34+00:00\",\"breadcrumb\":{\"@id\":\"https:\/\/webmaraton.hu\/?page_id=90#breadcrumb\"},\"inLanguage\":\"hu\",\"potentialAction\":[{\"@type\":\"ReadAction\",\"target\":[\"https:\/\/webmaraton.hu\/?page_id=90\"]}]},{\"@type\":\"BreadcrumbList\",\"@id\":\"https:\/\/webmaraton.hu\/?page_id=90#breadcrumb\",\"itemListElement\":[{\"@type\":\"ListItem\",\"position\":1,\"name\":\"Kezd\u0151lap\",\"item\":\"https:\/\/webmaraton.hu\/\"},{\"@type\":\"ListItem\",\"position\":2,\"name\":\"Maraton\"}]},{\"@type\":\"WebSite\",\"@id\":\"https:\/\/webmaraton.hu\/#website\",\"url\":\"https:\/\/webmaraton.hu\/\",\"name\":\"webMaraton\",\"description\":\"...a hossz\u00fa t\u00e1v kedvel\u0151inek!\",\"potentialAction\":[{\"@type\":\"SearchAction\",\"target\":{\"@type\":\"EntryPoint\",\"urlTemplate\":\"https:\/\/webmaraton.hu\/?s={search_term_string}\"},\"query-input\":\"required name=search_term_string\"}],\"inLanguage\":\"hu\"}]}<\/script>\n<!-- \/ Yoast SEO plugin. -->","yoast_head_json":{"title":"Maraton - webMaraton","robots":{"index":"index","follow":"follow","max-snippet":"max-snippet:-1","max-image-preview":"max-image-preview:large","max-video-preview":"max-video-preview:-1"},"canonical":"https:\/\/webmaraton.hu\/?page_id=90","og_locale":"hu_HU","og_type":"article","og_title":"Maraton - webMaraton","og_description":"Edel\u00e9nyi Fut\u00f3k FUTANET.hu FUTAS.net Fut\u00e1sr\u00f3l n\u0151knek Futni sz\u00e9p Fut\u00f3napt\u00e1r Kis-Duna Maraton Marathon Club &#8211; Miskolc MARATONFUTAS.hu &#8211; magazin Mozg\u00e1svil\u00e1g &#8211; magazin Ray Zahab SPAR Budapest Maraton Sportnapt\u00e1r True Messages","og_url":"https:\/\/webmaraton.hu\/?page_id=90","og_site_name":"webMaraton","article_modified_time":"2022-05-27T06:24:34+00:00","twitter_card":"summary_large_image","twitter_misc":{"Becs\u00fclt olvas\u00e1si id\u0151":"1 perc"},"schema":{"@context":"https:\/\/schema.org","@graph":[{"@type":"WebPage","@id":"https:\/\/webmaraton.hu\/?page_id=90","url":"https:\/\/webmaraton.hu\/?page_id=90","name":"Maraton - webMaraton","isPartOf":{"@id":"https:\/\/webmaraton.hu\/#website"},"datePublished":"2022-05-24T06:21:52+00:00","dateModified":"2022-05-27T06:24:34+00:00","breadcrumb":{"@id":"https:\/\/webmaraton.hu\/?page_id=90#breadcrumb"},"inLanguage":"hu","potentialAction":[{"@type":"ReadAction","target":["https:\/\/webmaraton.hu\/?page_id=90"]}]},{"@type":"BreadcrumbList","@id":"https:\/\/webmaraton.hu\/?page_id=90#breadcrumb","itemListElement":[{"@type":"ListItem","position":1,"name":"Kezd\u0151lap","item":"https:\/\/webmaraton.hu\/"},{"@type":"ListItem","position":2,"name":"Maraton"}]},{"@type":"WebSite","@id":"https:\/\/webmaraton.hu\/#website","url":"https:\/\/webmaraton.hu\/","name":"webMaraton","description":"...a hossz\u00fa t\u00e1v kedvel\u0151inek!","potentialAction":[{"@type":"SearchAction","target":{"@type":"EntryPoint","urlTemplate":"https:\/\/webmaraton.hu\/?s={search_term_string}"},"query-input":"required name=search_term_string"}],"inLanguage":"hu"}]}},"_links":{"self":[{"href":"https:\/\/webmaraton.hu\/index.php?rest_route=\/wp\/v2\/pages\/90"}],"collection":[{"href":"https:\/\/webmaraton.hu\/index.php?rest_route=\/wp\/v2\/pages"}],"about":[{"href":"https:\/\/webmaraton.hu\/index.php?rest_route=\/wp\/v2\/types\/page"}],"author":[{"embeddable":true,"href":"https:\/\/webmaraton.hu\/index.php?rest_route=\/wp\/v2\/users\/1"}],"replies":[{"embeddable":true,"href":"https:\/\/webmaraton.hu\/index.php?rest_route=%2Fwp%2Fv2%2Fcomments&post=90"}],"version-history":[{"count":51,"href":"https:\/\/webmaraton.hu\/index.php?rest_route=\/wp\/v2\/pages\/90\/revisions"}],"predecessor-version":[{"id":318,"href":"https:\/\/webmaraton.hu\/index.php?rest_route=\/wp\/v2\/pages\/90\/revisions\/318"}],"wp:attachment":[{"href":"https:\/\/webmaraton.hu\/index.php?rest_route=%2Fwp%2Fv2%2Fmedia&parent=90"}],"curies":[{"name":"wp","href":"https:\/\/api.w.org\/{rel}","templated":true}]}}