{"id":6,"date":"2022-05-01T19:45:57","date_gmt":"2022-05-01T19:45:57","guid":{"rendered":"https:\/\/webmaraton.hu\/?page_id=6"},"modified":"2022-06-06T13:10:00","modified_gmt":"2022-06-06T13:10:00","slug":"webmaraton","status":"publish","type":"page","link":"https:\/\/webmaraton.hu\/","title":{"rendered":"Maratoni t\u00e9m\u00e1k"},"content":{"rendered":"\n<div class=\"wp-container-1 wp-block-group\">\n<figure class=\"wp-block-table is-style-regular\"><table class=\"has-background\" style=\"background:linear-gradient(0deg,rgb(1,1,1) 0%,rgb(130,255,242) 100%);border-style:none;border-width:0px\"><tbody><tr><td class=\"has-text-align-center\" data-align=\"center\"><a href=\"https:\/\/webmaraton.hu\/?page_id=391\">Csillag\u00e1szat<\/a><\/td><\/tr><\/tbody><\/table><\/figure>\n\n\n\n<figure class=\"wp-block-table is-style-regular\"><table class=\"has-background\" style=\"background:linear-gradient(0deg,rgb(1,1,1) 0%,rgb(255,130,130) 100%);border-style:none;border-width:0px\"><tbody><tr><td class=\"has-text-align-center\" data-align=\"center\"><a href=\"https:\/\/webmaraton.hu\/?page_id=333\">K\u00f6nyvek<\/a><\/td><\/tr><\/tbody><\/table><\/figure>\n\n\n\n<figure class=\"wp-block-table is-style-regular\"><table class=\"has-background\" style=\"background:linear-gradient(0deg,rgb(0,0,0) 0%,rgb(130,255,153) 100%);border-style:none;border-width:0px\"><tbody><tr><td class=\"has-text-align-center\" data-align=\"center\"><a href=\"https:\/\/webmaraton.hu\/?page_id=90\">Maraton<\/a><\/td><\/tr><\/tbody><\/table><\/figure>\n\n\n\n<figure class=\"wp-block-table is-style-regular\"><table class=\"has-background\" style=\"background:linear-gradient(0deg,rgb(0,0,0) 0%,rgb(122,205,255) 100%);border-style:none;border-width:0px\"><tbody><tr><td class=\"has-text-align-center\" data-align=\"center\"><a href=\"https:\/\/webmaraton.hu\/?page_id=285\">Matematika<\/a><\/td><\/tr><\/tbody><\/table><\/figure>\n\n\n\n<figure class=\"wp-block-table is-style-regular\"><table class=\"has-background\" style=\"background:linear-gradient(0deg,rgb(0,0,0) 0%,rgb(255,253,122) 100%);border-style:none;border-width:0px\"><tbody><tr><td class=\"has-text-align-center\" data-align=\"center\"><a href=\"https:\/\/webmaraton.hu\/?page_id=356\">Szoban\u00f6v\u00e9nyek<\/a><\/td><\/tr><\/tbody><\/table><\/figure>\n\n\n\n<figure class=\"wp-block-table is-style-regular\"><table class=\"has-background\" style=\"background:linear-gradient(0deg,rgb(0,0,0) 0%,rgb(184,122,255) 100%);border-style:none;border-width:0px\"><tbody><tr><td class=\"has-text-align-center\" data-align=\"center\"><a href=\"https:\/\/webmaraton.hu\/?page_id=447\" target=\"_blank\" rel=\"noreferrer noopener\">Te\u00e1k, te\u00e1z\u00e1s<\/a><\/td><\/tr><\/tbody><\/table><\/figure>\n<\/div>\n\n\n\n<div class=\"wp-container-2 wp-block-group has-background-color has-foreground-background-color has-text-color has-background\" style=\"padding-top:20px;padding-right:0px;padding-bottom:20px;padding-left:0px\">\n<hr class=\"wp-block-separator is-style-wide\"\/>\n\n\n\n<p>webMaraton friss\u00edt\u0151pont<\/p>\n<\/div>\n\n\n\n<p><\/p>\n","protected":false},"excerpt":{"rendered":"<p>Csillag\u00e1szat K\u00f6nyvek Maraton Matematika Szoban\u00f6v\u00e9nyek Te\u00e1k, te\u00e1z\u00e1s<\/p>\n","protected":false},"author":1,"featured_media":0,"parent":0,"menu_order":0,"comment_status":"closed","ping_status":"closed","template":"wp-custom-template-web-maraton-oldal","meta":[],"yoast_head":"<!-- This site is optimized with the Yoast SEO plugin v20.6 - https:\/\/yoast.com\/wordpress\/plugins\/seo\/ -->\n<title>Maratoni t\u00e9m\u00e1k - webMaraton<\/title>\n<meta name=\"robots\" content=\"index, follow, max-snippet:-1, max-image-preview:large, max-video-preview:-1\" \/>\n<link rel=\"canonical\" href=\"https:\/\/webmaraton.hu\/\" \/>\n<meta property=\"og:locale\" content=\"hu_HU\" \/>\n<meta property=\"og:type\" content=\"article\" \/>\n<meta property=\"og:title\" content=\"Maratoni t\u00e9m\u00e1k - webMaraton\" \/>\n<meta property=\"og:description\" content=\"Csillag\u00e1szat K\u00f6nyvek Maraton Matematika Szoban\u00f6v\u00e9nyek Te\u00e1k, te\u00e1z\u00e1s\" \/>\n<meta property=\"og:url\" content=\"https:\/\/webmaraton.hu\/\" \/>\n<meta property=\"og:site_name\" content=\"webMaraton\" \/>\n<meta property=\"article:modified_time\" content=\"2022-06-06T13:10:00+00:00\" \/>\n<meta name=\"twitter:card\" content=\"summary_large_image\" \/>\n<meta name=\"twitter:label1\" content=\"Becs\u00fclt olvas\u00e1si id\u0151\" \/>\n\t<meta name=\"twitter:data1\" content=\"1 perc\" \/>\n<script type=\"application\/ld+json\" class=\"yoast-schema-graph\">{\"@context\":\"https:\/\/schema.org\",\"@graph\":[{\"@type\":\"WebPage\",\"@id\":\"https:\/\/webmaraton.hu\/\",\"url\":\"https:\/\/webmaraton.hu\/\",\"name\":\"Maratoni t\u00e9m\u00e1k - webMaraton\",\"isPartOf\":{\"@id\":\"https:\/\/webmaraton.hu\/#website\"},\"datePublished\":\"2022-05-01T19:45:57+00:00\",\"dateModified\":\"2022-06-06T13:10:00+00:00\",\"breadcrumb\":{\"@id\":\"https:\/\/webmaraton.hu\/#breadcrumb\"},\"inLanguage\":\"hu\",\"potentialAction\":[{\"@type\":\"ReadAction\",\"target\":[\"https:\/\/webmaraton.hu\/\"]}]},{\"@type\":\"BreadcrumbList\",\"@id\":\"https:\/\/webmaraton.hu\/#breadcrumb\",\"itemListElement\":[{\"@type\":\"ListItem\",\"position\":1,\"name\":\"Kezd\u0151lap\",\"item\":\"https:\/\/webmaraton.hu\/\"},{\"@type\":\"ListItem\",\"position\":2,\"name\":\"Maratoni t\u00e9m\u00e1k\"}]},{\"@type\":\"WebSite\",\"@id\":\"https:\/\/webmaraton.hu\/#website\",\"url\":\"https:\/\/webmaraton.hu\/\",\"name\":\"webMaraton\",\"description\":\"...a hossz\u00fa t\u00e1v kedvel\u0151inek!\",\"potentialAction\":[{\"@type\":\"SearchAction\",\"target\":{\"@type\":\"EntryPoint\",\"urlTemplate\":\"https:\/\/webmaraton.hu\/?s={search_term_string}\"},\"query-input\":\"required name=search_term_string\"}],\"inLanguage\":\"hu\"}]}<\/script>\n<!-- \/ Yoast SEO plugin. -->","yoast_head_json":{"title":"Maratoni t\u00e9m\u00e1k - webMaraton","robots":{"index":"index","follow":"follow","max-snippet":"max-snippet:-1","max-image-preview":"max-image-preview:large","max-video-preview":"max-video-preview:-1"},"canonical":"https:\/\/webmaraton.hu\/","og_locale":"hu_HU","og_type":"article","og_title":"Maratoni t\u00e9m\u00e1k - webMaraton","og_description":"Csillag\u00e1szat K\u00f6nyvek Maraton Matematika Szoban\u00f6v\u00e9nyek Te\u00e1k, te\u00e1z\u00e1s","og_url":"https:\/\/webmaraton.hu\/","og_site_name":"webMaraton","article_modified_time":"2022-06-06T13:10:00+00:00","twitter_card":"summary_large_image","twitter_misc":{"Becs\u00fclt olvas\u00e1si id\u0151":"1 perc"},"schema":{"@context":"https:\/\/schema.org","@graph":[{"@type":"WebPage","@id":"https:\/\/webmaraton.hu\/","url":"https:\/\/webmaraton.hu\/","name":"Maratoni t\u00e9m\u00e1k - webMaraton","isPartOf":{"@id":"https:\/\/webmaraton.hu\/#website"},"datePublished":"2022-05-01T19:45:57+00:00","dateModified":"2022-06-06T13:10:00+00:00","breadcrumb":{"@id":"https:\/\/webmaraton.hu\/#breadcrumb"},"inLanguage":"hu","potentialAction":[{"@type":"ReadAction","target":["https:\/\/webmaraton.hu\/"]}]},{"@type":"BreadcrumbList","@id":"https:\/\/webmaraton.hu\/#breadcrumb","itemListElement":[{"@type":"ListItem","position":1,"name":"Kezd\u0151lap","item":"https:\/\/webmaraton.hu\/"},{"@type":"ListItem","position":2,"name":"Maratoni t\u00e9m\u00e1k"}]},{"@type":"WebSite","@id":"https:\/\/webmaraton.hu\/#website","url":"https:\/\/webmaraton.hu\/","name":"webMaraton","description":"...a hossz\u00fa t\u00e1v kedvel\u0151inek!","potentialAction":[{"@type":"SearchAction","target":{"@type":"EntryPoint","urlTemplate":"https:\/\/webmaraton.hu\/?s={search_term_string}"},"query-input":"required name=search_term_string"}],"inLanguage":"hu"}]}},"_links":{"self":[{"href":"https:\/\/webmaraton.hu\/index.php?rest_route=\/wp\/v2\/pages\/6"}],"collection":[{"href":"https:\/\/webmaraton.hu\/index.php?rest_route=\/wp\/v2\/pages"}],"about":[{"href":"https:\/\/webmaraton.hu\/index.php?rest_route=\/wp\/v2\/types\/page"}],"author":[{"embeddable":true,"href":"https:\/\/webmaraton.hu\/index.php?rest_route=\/wp\/v2\/users\/1"}],"replies":[{"embeddable":true,"href":"https:\/\/webmaraton.hu\/index.php?rest_route=%2Fwp%2Fv2%2Fcomments&post=6"}],"version-history":[{"count":30,"href":"https:\/\/webmaraton.hu\/index.php?rest_route=\/wp\/v2\/pages\/6\/revisions"}],"predecessor-version":[{"id":452,"href":"https:\/\/webmaraton.hu\/index.php?rest_route=\/wp\/v2\/pages\/6\/revisions\/452"}],"wp:attachment":[{"href":"https:\/\/webmaraton.hu\/index.php?rest_route=%2Fwp%2Fv2%2Fmedia&parent=6"}],"curies":[{"name":"wp","href":"https:\/\/api.w.org\/{rel}","templated":true}]}}