{"id":333,"date":"2022-05-27T09:44:37","date_gmt":"2022-05-27T09:44:37","guid":{"rendered":"https:\/\/webmaraton.hu\/?page_id=333"},"modified":"2022-05-27T13:04:59","modified_gmt":"2022-05-27T13:04:59","slug":"konyvek","status":"publish","type":"page","link":"https:\/\/webmaraton.hu\/?page_id=333","title":{"rendered":"K\u00f6nyvek"},"content":{"rendered":"\n<div class=\"wp-container-1 wp-block-group\">\n<figure class=\"wp-block-table\"><table class=\"has-background\" style=\"background:linear-gradient(0deg,rgb(0,0,0) 0%,rgb(255,136,122) 100%);border-style:none;border-width:0px\"><tbody><tr><td><a href=\"https:\/\/www.bartoserika.hu\" target=\"_blank\" rel=\"noreferrer noopener\">Bartos Erika<\/a><\/td><\/tr><\/tbody><\/table><\/figure>\n\n\n\n<figure class=\"wp-block-table\"><table class=\"has-background\" style=\"background:linear-gradient(0deg,rgb(0,0,0) 0%,rgb(122,255,192) 100%);border-style:none;border-width:0px\"><tbody><tr><td><a href=\"https:\/\/www.bergjudit.hu\/\" target=\"_blank\" rel=\"noreferrer noopener\">Berg Judit<\/a><\/td><\/tr><\/tbody><\/table><\/figure>\n\n\n\n<figure class=\"wp-block-table\"><table class=\"has-background\" style=\"background:linear-gradient(0deg,rgb(0,0,0) 0%,rgb(234,122,255) 100%);border-style:none;border-width:0px\"><tbody><tr><td><a href=\"https:\/\/www.bogyoesbaboca.hu\" target=\"_blank\" rel=\"noreferrer noopener\">Bogy\u00f3 \u00e9s Bab\u00f3ca<\/a><\/td><\/tr><\/tbody><\/table><\/figure>\n\n\n\n<figure class=\"wp-block-table\"><table class=\"has-background\" style=\"background:linear-gradient(0deg,rgb(0,0,0) 0%,rgb(255,231,122) 100%);border-style:none;border-width:0px\"><tbody><tr><td><a href=\"https:\/\/digitalia.lib.pte.hu\/hu\/\" target=\"_blank\" rel=\"noreferrer noopener\">Digit\u00e1lia<\/a><\/td><\/tr><\/tbody><\/table><\/figure>\n\n\n\n<figure class=\"wp-block-table\"><table class=\"has-background\" style=\"background:linear-gradient(0deg,rgb(0,0,0) 0%,rgb(202,255,122) 100%);border-style:none;border-width:0px\"><tbody><tr><td><a href=\"https:\/\/pim.hu\/hu\/dia\" target=\"_blank\" rel=\"noreferrer noopener\">Digit\u00e1lis Irodalmi Akad\u00e9mia<\/a><\/td><\/tr><\/tbody><\/table><\/figure>\n\n\n\n<figure class=\"wp-block-table\"><table class=\"has-background\" style=\"background:linear-gradient(0deg,rgb(0,0,0) 0%,rgb(122,178,255) 100%);border-style:none;border-width:0px\"><tbody><tr><td><a href=\"https:\/\/ttk.elte.hu\/ebook?m=251\" target=\"_blank\" rel=\"noreferrer noopener\">ELTE TTK &#8211; E-k\u00f6nyvek<\/a><\/td><\/tr><\/tbody><\/table><\/figure>\n\n\n\n<figure class=\"wp-block-table\"><table class=\"has-background\" style=\"background:linear-gradient(0deg,rgb(0,0,0) 0%,rgb(255,253,122) 100%);border-style:none;border-width:0px\"><tbody><tr><td><a href=\"https:\/\/mek.oszk.hu\/\" target=\"_blank\" rel=\"noreferrer noopener\">Magyar Elektronikus K\u00f6nyvt\u00e1r<\/a><\/td><\/tr><\/tbody><\/table><\/figure>\n\n\n\n<figure class=\"wp-block-table\"><table class=\"has-background\" style=\"background:linear-gradient(0deg,rgb(0,0,0) 0%,rgb(255,190,122) 100%);border-style:none;border-width:0px\"><tbody><tr><td><a href=\"http:\/\/www.ppek.hu\/\" target=\"_blank\" rel=\"noreferrer noopener\">P\u00e1zm\u00e1ny P\u00e9ter e-k\u00f6nyvt\u00e1r<\/a><\/td><\/tr><\/tbody><\/table><\/figure>\n<\/div>\n\n\n\n<div class=\"wp-container-2 wp-block-group has-background-color has-foreground-background-color has-text-color has-background\" style=\"padding-top:20px;padding-right:0px;padding-bottom:20px;padding-left:0px\">\n<hr class=\"wp-block-separator is-style-wide\"\/>\n\n\n\n<p>webMaraton friss\u00edt\u0151pont<\/p>\n<\/div>\n\n\n\n<p><\/p>\n","protected":false},"excerpt":{"rendered":"<p>Bartos Erika Berg Judit Bogy\u00f3 \u00e9s Bab\u00f3ca Digit\u00e1lia Digit\u00e1lis Irodalmi Akad\u00e9mia ELTE TTK &#8211; E-k\u00f6nyvek Magyar Elektronikus K\u00f6nyvt\u00e1r P\u00e1zm\u00e1ny P\u00e9ter e-k\u00f6nyvt\u00e1r<\/p>\n","protected":false},"author":1,"featured_media":0,"parent":0,"menu_order":0,"comment_status":"closed","ping_status":"closed","template":"wp-custom-template-web-maraton-oldal","meta":[],"yoast_head":"<!-- This site is optimized with the Yoast SEO plugin v20.6 - https:\/\/yoast.com\/wordpress\/plugins\/seo\/ -->\n<title>K\u00f6nyvek - webMaraton<\/title>\n<meta name=\"robots\" content=\"index, follow, max-snippet:-1, max-image-preview:large, max-video-preview:-1\" \/>\n<link rel=\"canonical\" href=\"https:\/\/webmaraton.hu\/?page_id=333\" \/>\n<meta property=\"og:locale\" content=\"hu_HU\" \/>\n<meta property=\"og:type\" content=\"article\" \/>\n<meta property=\"og:title\" content=\"K\u00f6nyvek - webMaraton\" \/>\n<meta property=\"og:description\" content=\"Bartos Erika Berg Judit Bogy\u00f3 \u00e9s Bab\u00f3ca Digit\u00e1lia Digit\u00e1lis Irodalmi Akad\u00e9mia ELTE TTK &#8211; E-k\u00f6nyvek Magyar Elektronikus K\u00f6nyvt\u00e1r P\u00e1zm\u00e1ny P\u00e9ter e-k\u00f6nyvt\u00e1r\" \/>\n<meta property=\"og:url\" content=\"https:\/\/webmaraton.hu\/?page_id=333\" \/>\n<meta property=\"og:site_name\" content=\"webMaraton\" \/>\n<meta property=\"article:modified_time\" content=\"2022-05-27T13:04:59+00:00\" \/>\n<meta name=\"twitter:card\" content=\"summary_large_image\" \/>\n<meta name=\"twitter:label1\" content=\"Becs\u00fclt olvas\u00e1si id\u0151\" \/>\n\t<meta name=\"twitter:data1\" content=\"1 perc\" \/>\n<script type=\"application\/ld+json\" class=\"yoast-schema-graph\">{\"@context\":\"https:\/\/schema.org\",\"@graph\":[{\"@type\":\"WebPage\",\"@id\":\"https:\/\/webmaraton.hu\/?page_id=333\",\"url\":\"https:\/\/webmaraton.hu\/?page_id=333\",\"name\":\"K\u00f6nyvek - webMaraton\",\"isPartOf\":{\"@id\":\"https:\/\/webmaraton.hu\/#website\"},\"datePublished\":\"2022-05-27T09:44:37+00:00\",\"dateModified\":\"2022-05-27T13:04:59+00:00\",\"breadcrumb\":{\"@id\":\"https:\/\/webmaraton.hu\/?page_id=333#breadcrumb\"},\"inLanguage\":\"hu\",\"potentialAction\":[{\"@type\":\"ReadAction\",\"target\":[\"https:\/\/webmaraton.hu\/?page_id=333\"]}]},{\"@type\":\"BreadcrumbList\",\"@id\":\"https:\/\/webmaraton.hu\/?page_id=333#breadcrumb\",\"itemListElement\":[{\"@type\":\"ListItem\",\"position\":1,\"name\":\"Kezd\u0151lap\",\"item\":\"https:\/\/webmaraton.hu\/\"},{\"@type\":\"ListItem\",\"position\":2,\"name\":\"K\u00f6nyvek\"}]},{\"@type\":\"WebSite\",\"@id\":\"https:\/\/webmaraton.hu\/#website\",\"url\":\"https:\/\/webmaraton.hu\/\",\"name\":\"webMaraton\",\"description\":\"...a hossz\u00fa t\u00e1v kedvel\u0151inek!\",\"potentialAction\":[{\"@type\":\"SearchAction\",\"target\":{\"@type\":\"EntryPoint\",\"urlTemplate\":\"https:\/\/webmaraton.hu\/?s={search_term_string}\"},\"query-input\":\"required name=search_term_string\"}],\"inLanguage\":\"hu\"}]}<\/script>\n<!-- \/ Yoast SEO plugin. -->","yoast_head_json":{"title":"K\u00f6nyvek - webMaraton","robots":{"index":"index","follow":"follow","max-snippet":"max-snippet:-1","max-image-preview":"max-image-preview:large","max-video-preview":"max-video-preview:-1"},"canonical":"https:\/\/webmaraton.hu\/?page_id=333","og_locale":"hu_HU","og_type":"article","og_title":"K\u00f6nyvek - webMaraton","og_description":"Bartos Erika Berg Judit Bogy\u00f3 \u00e9s Bab\u00f3ca Digit\u00e1lia Digit\u00e1lis Irodalmi Akad\u00e9mia ELTE TTK &#8211; E-k\u00f6nyvek Magyar Elektronikus K\u00f6nyvt\u00e1r P\u00e1zm\u00e1ny P\u00e9ter e-k\u00f6nyvt\u00e1r","og_url":"https:\/\/webmaraton.hu\/?page_id=333","og_site_name":"webMaraton","article_modified_time":"2022-05-27T13:04:59+00:00","twitter_card":"summary_large_image","twitter_misc":{"Becs\u00fclt olvas\u00e1si id\u0151":"1 perc"},"schema":{"@context":"https:\/\/schema.org","@graph":[{"@type":"WebPage","@id":"https:\/\/webmaraton.hu\/?page_id=333","url":"https:\/\/webmaraton.hu\/?page_id=333","name":"K\u00f6nyvek - webMaraton","isPartOf":{"@id":"https:\/\/webmaraton.hu\/#website"},"datePublished":"2022-05-27T09:44:37+00:00","dateModified":"2022-05-27T13:04:59+00:00","breadcrumb":{"@id":"https:\/\/webmaraton.hu\/?page_id=333#breadcrumb"},"inLanguage":"hu","potentialAction":[{"@type":"ReadAction","target":["https:\/\/webmaraton.hu\/?page_id=333"]}]},{"@type":"BreadcrumbList","@id":"https:\/\/webmaraton.hu\/?page_id=333#breadcrumb","itemListElement":[{"@type":"ListItem","position":1,"name":"Kezd\u0151lap","item":"https:\/\/webmaraton.hu\/"},{"@type":"ListItem","position":2,"name":"K\u00f6nyvek"}]},{"@type":"WebSite","@id":"https:\/\/webmaraton.hu\/#website","url":"https:\/\/webmaraton.hu\/","name":"webMaraton","description":"...a hossz\u00fa t\u00e1v kedvel\u0151inek!","potentialAction":[{"@type":"SearchAction","target":{"@type":"EntryPoint","urlTemplate":"https:\/\/webmaraton.hu\/?s={search_term_string}"},"query-input":"required name=search_term_string"}],"inLanguage":"hu"}]}},"_links":{"self":[{"href":"https:\/\/webmaraton.hu\/index.php?rest_route=\/wp\/v2\/pages\/333"}],"collection":[{"href":"https:\/\/webmaraton.hu\/index.php?rest_route=\/wp\/v2\/pages"}],"about":[{"href":"https:\/\/webmaraton.hu\/index.php?rest_route=\/wp\/v2\/types\/page"}],"author":[{"embeddable":true,"href":"https:\/\/webmaraton.hu\/index.php?rest_route=\/wp\/v2\/users\/1"}],"replies":[{"embeddable":true,"href":"https:\/\/webmaraton.hu\/index.php?rest_route=%2Fwp%2Fv2%2Fcomments&post=333"}],"version-history":[{"count":12,"href":"https:\/\/webmaraton.hu\/index.php?rest_route=\/wp\/v2\/pages\/333\/revisions"}],"predecessor-version":[{"id":355,"href":"https:\/\/webmaraton.hu\/index.php?rest_route=\/wp\/v2\/pages\/333\/revisions\/355"}],"wp:attachment":[{"href":"https:\/\/webmaraton.hu\/index.php?rest_route=%2Fwp%2Fv2%2Fmedia&parent=333"}],"curies":[{"name":"wp","href":"https:\/\/api.w.org\/{rel}","templated":true}]}}