{"id":285,"date":"2022-05-26T10:15:57","date_gmt":"2022-05-26T10:15:57","guid":{"rendered":"https:\/\/webmaraton.hu\/?page_id=285"},"modified":"2022-05-27T08:58:31","modified_gmt":"2022-05-27T08:58:31","slug":"matematika","status":"publish","type":"page","link":"https:\/\/webmaraton.hu\/?page_id=285","title":{"rendered":"Matematika"},"content":{"rendered":"\n<div class=\"wp-container-1 wp-block-group\">\n<figure class=\"wp-block-table\"><table class=\"has-background\" style=\"background:linear-gradient(0deg,rgb(0,0,0) 0%,rgb(220,255,120) 100%);border-style:none;border-width:0px\"><tbody><tr><td><a href=\"https:\/\/ematlap.hu\/\" target=\"_blank\" rel=\"noreferrer noopener\">\u00c9rint\u0151<\/a><\/td><\/tr><\/tbody><\/table><\/figure>\n\n\n\n<figure class=\"wp-block-table\"><table class=\"has-background\" style=\"background:linear-gradient(0deg,rgb(0,0,0) 0%,rgb(183,120,255) 100%);border-style:none;border-width:0px\"><tbody><tr><td><a href=\"https:\/\/www.geogebra.org\/materials\" target=\"_blank\" rel=\"noreferrer noopener\">GeoGebra<\/a><\/td><\/tr><\/tbody><\/table><\/figure>\n\n\n\n<figure class=\"wp-block-table\"><table class=\"has-background\" style=\"background:linear-gradient(0deg,rgb(0,0,0) 0%,rgb(120,232,255) 100%);border-style:none;border-width:0px\"><tbody><tr><td><a href=\"https:\/\/hu.khanacademy.org\/math\" target=\"_blank\" rel=\"noreferrer noopener\">Khan Academy<\/a><\/td><\/tr><\/tbody><\/table><\/figure>\n\n\n\n<figure class=\"wp-block-table\"><table class=\"has-background\" style=\"background:linear-gradient(0deg,rgb(0,0,0) 0%,rgb(120,255,181) 100%);border-style:none;border-width:0px\"><tbody><tr><td><a href=\"https:\/\/www.komal.hu\" target=\"_blank\" rel=\"noreferrer noopener\">K\u00f6MaL<\/a><\/td><\/tr><\/tbody><\/table><\/figure>\n\n\n\n<figure class=\"wp-block-table\"><table class=\"has-background\" style=\"background:linear-gradient(0deg,rgb(0,0,0) 0%,rgb(255,120,180) 100%);border-style:none;border-width:0px\"><tbody><tr><td><a href=\"https:\/\/zalamat.hu\" target=\"_blank\" rel=\"noreferrer noopener\">MaTe<\/a><\/td><\/tr><\/tbody><\/table><\/figure>\n\n\n\n<figure class=\"wp-block-table\"><table class=\"has-background\" style=\"background:linear-gradient(0deg,rgb(0,0,0) 0%,rgb(123,120,255) 100%);border-style:none;border-width:0px\"><tbody><tr><td><a href=\"http:\/\/www.mategye.hu\" target=\"_blank\" rel=\"noreferrer noopener\">MATEGYE Alap\u00edtv\u00e1ny<\/a><\/td><\/tr><\/tbody><\/table><\/figure>\n\n\n\n<figure class=\"wp-block-table\"><table class=\"has-background\" style=\"background:linear-gradient(0deg,rgb(0,0,0) 0%,rgb(197,255,120) 100%);border-style:none;border-width:0px\"><tbody><tr><td><a href=\"https:\/\/matekarcok.hu\/\" target=\"_blank\" rel=\"noreferrer noopener\">Matekarcok<\/a><\/td><\/tr><\/tbody><\/table><\/figure>\n\n\n\n<figure class=\"wp-block-table\"><table class=\"has-background\" style=\"background:linear-gradient(0deg,rgb(0,0,0) 0%,rgb(255,249,120) 100%);border-style:none;border-width:0px\"><tbody><tr><td><a href=\"https:\/\/matematikam.hu\" target=\"_blank\" rel=\"noreferrer noopener\">Matematika minden szinten<\/a><\/td><\/tr><\/tbody><\/table><\/figure>\n\n\n\n<figure class=\"wp-block-table\"><table class=\"has-background\" style=\"background:linear-gradient(0deg,rgb(0,0,0) 0%,rgb(255,120,120) 100%);border-style:none;border-width:0px\"><tbody><tr><td><a href=\"https:\/\/www.mathreference.org\/index\/index\/lg\/hu\" target=\"_blank\" rel=\"noreferrer noopener\">Matematikai k\u00e9pletek<\/a><\/td><\/tr><\/tbody><\/table><\/figure>\n\n\n\n<figure class=\"wp-block-table\"><table class=\"has-background\" style=\"background:linear-gradient(0deg,rgb(0,0,0) 0%,rgb(255,171,120) 100%);border-style:none;border-width:0px\"><tbody><tr><td><a href=\"https:\/\/www.medvematek.hu\/\" target=\"_blank\" rel=\"noreferrer noopener\">Medve Matek<\/a><\/td><\/tr><\/tbody><\/table><\/figure>\n\n\n\n<figure class=\"wp-block-table\"><table class=\"has-background\" style=\"background:linear-gradient(0deg,rgb(0,0,0) 0%,rgb(120,195,255) 100%);border-style:none;border-width:0px\"><tbody><tr><td><a href=\"https:\/\/zanza.tv\/matematika\/\" target=\"_blank\" rel=\"noreferrer noopener\">Zanza<\/a><\/td><\/tr><\/tbody><\/table><\/figure>\n<\/div>\n\n\n\n<div class=\"wp-container-2 wp-block-group has-background-color has-foreground-background-color has-text-color has-background\" style=\"padding-top:20px;padding-right:0px;padding-bottom:20px;padding-left:0px\">\n<hr class=\"wp-block-separator is-style-wide\"\/>\n\n\n\n<p>webMaraton friss\u00edt\u0151pont<\/p>\n<\/div>\n\n\n\n<p><\/p>\n","protected":false},"excerpt":{"rendered":"<p>\u00c9rint\u0151 GeoGebra Khan Academy K\u00f6MaL MaTe MATEGYE Alap\u00edtv\u00e1ny Matekarcok Matematika minden szinten Matematikai k\u00e9pletek Medve Matek Zanza<\/p>\n","protected":false},"author":1,"featured_media":0,"parent":0,"menu_order":0,"comment_status":"closed","ping_status":"closed","template":"wp-custom-template-web-maraton-oldal","meta":[],"yoast_head":"<!-- This site is optimized with the Yoast SEO plugin v20.6 - https:\/\/yoast.com\/wordpress\/plugins\/seo\/ -->\n<title>Matematika - webMaraton<\/title>\n<meta name=\"robots\" content=\"index, follow, max-snippet:-1, max-image-preview:large, max-video-preview:-1\" \/>\n<link rel=\"canonical\" href=\"https:\/\/webmaraton.hu\/?page_id=285\" \/>\n<meta property=\"og:locale\" content=\"hu_HU\" \/>\n<meta property=\"og:type\" content=\"article\" \/>\n<meta property=\"og:title\" content=\"Matematika - webMaraton\" \/>\n<meta property=\"og:description\" content=\"\u00c9rint\u0151 GeoGebra Khan Academy K\u00f6MaL MaTe MATEGYE Alap\u00edtv\u00e1ny Matekarcok Matematika minden szinten Matematikai k\u00e9pletek Medve Matek Zanza\" \/>\n<meta property=\"og:url\" content=\"https:\/\/webmaraton.hu\/?page_id=285\" \/>\n<meta property=\"og:site_name\" content=\"webMaraton\" \/>\n<meta property=\"article:modified_time\" content=\"2022-05-27T08:58:31+00:00\" \/>\n<meta name=\"twitter:card\" content=\"summary_large_image\" \/>\n<meta name=\"twitter:label1\" content=\"Becs\u00fclt olvas\u00e1si id\u0151\" \/>\n\t<meta name=\"twitter:data1\" content=\"1 perc\" \/>\n<script type=\"application\/ld+json\" class=\"yoast-schema-graph\">{\"@context\":\"https:\/\/schema.org\",\"@graph\":[{\"@type\":\"WebPage\",\"@id\":\"https:\/\/webmaraton.hu\/?page_id=285\",\"url\":\"https:\/\/webmaraton.hu\/?page_id=285\",\"name\":\"Matematika - webMaraton\",\"isPartOf\":{\"@id\":\"https:\/\/webmaraton.hu\/#website\"},\"datePublished\":\"2022-05-26T10:15:57+00:00\",\"dateModified\":\"2022-05-27T08:58:31+00:00\",\"breadcrumb\":{\"@id\":\"https:\/\/webmaraton.hu\/?page_id=285#breadcrumb\"},\"inLanguage\":\"hu\",\"potentialAction\":[{\"@type\":\"ReadAction\",\"target\":[\"https:\/\/webmaraton.hu\/?page_id=285\"]}]},{\"@type\":\"BreadcrumbList\",\"@id\":\"https:\/\/webmaraton.hu\/?page_id=285#breadcrumb\",\"itemListElement\":[{\"@type\":\"ListItem\",\"position\":1,\"name\":\"Kezd\u0151lap\",\"item\":\"https:\/\/webmaraton.hu\/\"},{\"@type\":\"ListItem\",\"position\":2,\"name\":\"Matematika\"}]},{\"@type\":\"WebSite\",\"@id\":\"https:\/\/webmaraton.hu\/#website\",\"url\":\"https:\/\/webmaraton.hu\/\",\"name\":\"webMaraton\",\"description\":\"...a hossz\u00fa t\u00e1v kedvel\u0151inek!\",\"potentialAction\":[{\"@type\":\"SearchAction\",\"target\":{\"@type\":\"EntryPoint\",\"urlTemplate\":\"https:\/\/webmaraton.hu\/?s={search_term_string}\"},\"query-input\":\"required name=search_term_string\"}],\"inLanguage\":\"hu\"}]}<\/script>\n<!-- \/ Yoast SEO plugin. -->","yoast_head_json":{"title":"Matematika - webMaraton","robots":{"index":"index","follow":"follow","max-snippet":"max-snippet:-1","max-image-preview":"max-image-preview:large","max-video-preview":"max-video-preview:-1"},"canonical":"https:\/\/webmaraton.hu\/?page_id=285","og_locale":"hu_HU","og_type":"article","og_title":"Matematika - webMaraton","og_description":"\u00c9rint\u0151 GeoGebra Khan Academy K\u00f6MaL MaTe MATEGYE Alap\u00edtv\u00e1ny Matekarcok Matematika minden szinten Matematikai k\u00e9pletek Medve Matek Zanza","og_url":"https:\/\/webmaraton.hu\/?page_id=285","og_site_name":"webMaraton","article_modified_time":"2022-05-27T08:58:31+00:00","twitter_card":"summary_large_image","twitter_misc":{"Becs\u00fclt olvas\u00e1si id\u0151":"1 perc"},"schema":{"@context":"https:\/\/schema.org","@graph":[{"@type":"WebPage","@id":"https:\/\/webmaraton.hu\/?page_id=285","url":"https:\/\/webmaraton.hu\/?page_id=285","name":"Matematika - webMaraton","isPartOf":{"@id":"https:\/\/webmaraton.hu\/#website"},"datePublished":"2022-05-26T10:15:57+00:00","dateModified":"2022-05-27T08:58:31+00:00","breadcrumb":{"@id":"https:\/\/webmaraton.hu\/?page_id=285#breadcrumb"},"inLanguage":"hu","potentialAction":[{"@type":"ReadAction","target":["https:\/\/webmaraton.hu\/?page_id=285"]}]},{"@type":"BreadcrumbList","@id":"https:\/\/webmaraton.hu\/?page_id=285#breadcrumb","itemListElement":[{"@type":"ListItem","position":1,"name":"Kezd\u0151lap","item":"https:\/\/webmaraton.hu\/"},{"@type":"ListItem","position":2,"name":"Matematika"}]},{"@type":"WebSite","@id":"https:\/\/webmaraton.hu\/#website","url":"https:\/\/webmaraton.hu\/","name":"webMaraton","description":"...a hossz\u00fa t\u00e1v kedvel\u0151inek!","potentialAction":[{"@type":"SearchAction","target":{"@type":"EntryPoint","urlTemplate":"https:\/\/webmaraton.hu\/?s={search_term_string}"},"query-input":"required name=search_term_string"}],"inLanguage":"hu"}]}},"_links":{"self":[{"href":"https:\/\/webmaraton.hu\/index.php?rest_route=\/wp\/v2\/pages\/285"}],"collection":[{"href":"https:\/\/webmaraton.hu\/index.php?rest_route=\/wp\/v2\/pages"}],"about":[{"href":"https:\/\/webmaraton.hu\/index.php?rest_route=\/wp\/v2\/types\/page"}],"author":[{"embeddable":true,"href":"https:\/\/webmaraton.hu\/index.php?rest_route=\/wp\/v2\/users\/1"}],"replies":[{"embeddable":true,"href":"https:\/\/webmaraton.hu\/index.php?rest_route=%2Fwp%2Fv2%2Fcomments&post=285"}],"version-history":[{"count":21,"href":"https:\/\/webmaraton.hu\/index.php?rest_route=\/wp\/v2\/pages\/285\/revisions"}],"predecessor-version":[{"id":332,"href":"https:\/\/webmaraton.hu\/index.php?rest_route=\/wp\/v2\/pages\/285\/revisions\/332"}],"wp:attachment":[{"href":"https:\/\/webmaraton.hu\/index.php?rest_route=%2Fwp%2Fv2%2Fmedia&parent=285"}],"curies":[{"name":"wp","href":"https:\/\/api.w.org\/{rel}","templated":true}]}}